{"id":9459,"date":"2021-10-05T15:17:11","date_gmt":"2021-10-05T14:17:11","guid":{"rendered":"https:\/\/www.thesecretmountain.com\/nos-albums\/songs-on-the-vanilla-trail-teaching-guide\/"},"modified":"2022-01-26T20:45:52","modified_gmt":"2022-01-26T19:45:52","slug":"songs-on-the-vanilla-trail-teaching-guide","status":"publish","type":"product","link":"https:\/\/www.thesecretmountain.com\/fr\/product\/songs-on-the-vanilla-trail-teaching-guide\/","title":{"rendered":"Songs on the Vanilla Trail \u2013 Teaching Guide"},"content":{"rendered":"","protected":false},"excerpt":{"rendered":"<p>Un guide d\u2019accompagnement pour l\u2019album musical <em>Songs on the Vanilla Trail, Lullabies and Nursery Rhymes from East and Southern Africa.<\/em> Con\u00e7u pour les enseignants du 1er au 3\u00e8me cycle de l&rsquo;\u00e9cole primaire.<\/p>\n","protected":false},"featured_media":9453,"template":"","meta":{"_acf_changed":false,"_exactmetrics_skip_tracking":false,"_exactmetrics_sitenote_active":false,"_exactmetrics_sitenote_note":"","_exactmetrics_sitenote_category":0},"product_brand":[],"product_cat":[216,209],"product_tag":[],"class_list":{"0":"post-9459","1":"product","2":"type-product","3":"status-publish","4":"has-post-thumbnail","6":"product_cat-guides-anglais","7":"product_cat-livre-a-colorier-anglais","9":"first","10":"instock","11":"downloadable","12":"virtual","13":"product-type-simple"},"acf":[],"yoast_head":"<!-- This site is optimized with the Yoast SEO plugin v26.8 - https:\/\/yoast.com\/product\/yoast-seo-wordpress\/ -->\n<title>Songs on the Vanilla Trail \u2013 Teaching Guide - The Secret Mountain<\/title>\n<meta name=\"robots\" content=\"index, follow, max-snippet:-1, max-image-preview:large, max-video-preview:-1\" \/>\n<link rel=\"canonical\" href=\"https:\/\/www.thesecretmountain.com\/fr\/product\/songs-on-the-vanilla-trail-teaching-guide\/\" \/>\n<meta property=\"og:locale\" content=\"fr_FR\" \/>\n<meta property=\"og:type\" content=\"article\" \/>\n<meta property=\"og:title\" content=\"Songs on the Vanilla Trail \u2013 Teaching Guide - The Secret Mountain\" \/>\n<meta property=\"og:description\" content=\"Un guide d\u2019accompagnement pour l\u2019album musical Songs on the Vanilla Trail, Lullabies and Nursery Rhymes from East and Southern Africa. Con\u00e7u pour les enseignants du 1er au 3\u00e8me cycle de l&#039;\u00e9cole primaire.\" \/>\n<meta property=\"og:url\" content=\"https:\/\/www.thesecretmountain.com\/fr\/product\/songs-on-the-vanilla-trail-teaching-guide\/\" \/>\n<meta property=\"og:site_name\" content=\"The Secret Mountain\" \/>\n<meta property=\"article:publisher\" content=\"https:\/\/www.facebook.com\/TheSecretMountain\" \/>\n<meta property=\"article:modified_time\" content=\"2022-01-26T19:45:52+00:00\" \/>\n<meta property=\"og:image\" content=\"https:\/\/www.thesecretmountain.com\/wp-content\/uploads\/2021\/10\/Songs-on-the-Vanilla-Trail-Teaching-Guide-Cover.png\" \/>\n\t<meta property=\"og:image:width\" content=\"1080\" \/>\n\t<meta property=\"og:image:height\" content=\"570\" \/>\n\t<meta property=\"og:image:type\" content=\"image\/png\" \/>\n<meta name=\"twitter:card\" content=\"summary_large_image\" \/>\n<meta name=\"twitter:site\" content=\"@secretmountain\" \/>\n<script type=\"application\/ld+json\" class=\"yoast-schema-graph\">{\"@context\":\"https:\/\/schema.org\",\"@graph\":[{\"@type\":\"WebPage\",\"@id\":\"https:\/\/www.thesecretmountain.com\/fr\/product\/songs-on-the-vanilla-trail-teaching-guide\/\",\"url\":\"https:\/\/www.thesecretmountain.com\/fr\/product\/songs-on-the-vanilla-trail-teaching-guide\/\",\"name\":\"Songs on the Vanilla Trail \u2013 Teaching Guide - The Secret Mountain\",\"isPartOf\":{\"@id\":\"https:\/\/www.thesecretmountain.com\/fr\/#website\"},\"primaryImageOfPage\":{\"@id\":\"https:\/\/www.thesecretmountain.com\/fr\/product\/songs-on-the-vanilla-trail-teaching-guide\/#primaryimage\"},\"image\":{\"@id\":\"https:\/\/www.thesecretmountain.com\/fr\/product\/songs-on-the-vanilla-trail-teaching-guide\/#primaryimage\"},\"thumbnailUrl\":\"https:\/\/www.thesecretmountain.com\/wp-content\/uploads\/2021\/10\/Songs-on-the-Vanilla-Trail-Teaching-Guide-Cover.png\",\"datePublished\":\"2021-10-05T14:17:11+00:00\",\"dateModified\":\"2022-01-26T19:45:52+00:00\",\"breadcrumb\":{\"@id\":\"https:\/\/www.thesecretmountain.com\/fr\/product\/songs-on-the-vanilla-trail-teaching-guide\/#breadcrumb\"},\"inLanguage\":\"fr-FR\",\"potentialAction\":[{\"@type\":\"ReadAction\",\"target\":[\"https:\/\/www.thesecretmountain.com\/fr\/product\/songs-on-the-vanilla-trail-teaching-guide\/\"]}]},{\"@type\":\"ImageObject\",\"inLanguage\":\"fr-FR\",\"@id\":\"https:\/\/www.thesecretmountain.com\/fr\/product\/songs-on-the-vanilla-trail-teaching-guide\/#primaryimage\",\"url\":\"https:\/\/www.thesecretmountain.com\/wp-content\/uploads\/2021\/10\/Songs-on-the-Vanilla-Trail-Teaching-Guide-Cover.png\",\"contentUrl\":\"https:\/\/www.thesecretmountain.com\/wp-content\/uploads\/2021\/10\/Songs-on-the-Vanilla-Trail-Teaching-Guide-Cover.png\",\"width\":1080,\"height\":570},{\"@type\":\"BreadcrumbList\",\"@id\":\"https:\/\/www.thesecretmountain.com\/fr\/product\/songs-on-the-vanilla-trail-teaching-guide\/#breadcrumb\",\"itemListElement\":[{\"@type\":\"ListItem\",\"position\":1,\"name\":\"Home\",\"item\":\"https:\/\/www.thesecretmountain.com\/fr\/\"},{\"@type\":\"ListItem\",\"position\":2,\"name\":\"Shop\",\"item\":\"https:\/\/www.thesecretmountain.com\/shop\/\"},{\"@type\":\"ListItem\",\"position\":3,\"name\":\"Songs on the Vanilla Trail \u2013 Teaching Guide\"}]},{\"@type\":\"WebSite\",\"@id\":\"https:\/\/www.thesecretmountain.com\/fr\/#website\",\"url\":\"https:\/\/www.thesecretmountain.com\/fr\/\",\"name\":\"The Secret Mountain\",\"description\":\"Stories and music for all eyes and ears!\",\"potentialAction\":[{\"@type\":\"SearchAction\",\"target\":{\"@type\":\"EntryPoint\",\"urlTemplate\":\"https:\/\/www.thesecretmountain.com\/fr\/?s={search_term_string}\"},\"query-input\":{\"@type\":\"PropertyValueSpecification\",\"valueRequired\":true,\"valueName\":\"search_term_string\"}}],\"inLanguage\":\"fr-FR\"}]}<\/script>\n<!-- \/ Yoast SEO plugin. -->","yoast_head_json":{"title":"Songs on the Vanilla Trail \u2013 Teaching Guide - The Secret Mountain","robots":{"index":"index","follow":"follow","max-snippet":"max-snippet:-1","max-image-preview":"max-image-preview:large","max-video-preview":"max-video-preview:-1"},"canonical":"https:\/\/www.thesecretmountain.com\/fr\/product\/songs-on-the-vanilla-trail-teaching-guide\/","og_locale":"fr_FR","og_type":"article","og_title":"Songs on the Vanilla Trail \u2013 Teaching Guide - The Secret Mountain","og_description":"Un guide d\u2019accompagnement pour l\u2019album musical Songs on the Vanilla Trail, Lullabies and Nursery Rhymes from East and Southern Africa. Con\u00e7u pour les enseignants du 1er au 3\u00e8me cycle de l'\u00e9cole primaire.","og_url":"https:\/\/www.thesecretmountain.com\/fr\/product\/songs-on-the-vanilla-trail-teaching-guide\/","og_site_name":"The Secret Mountain","article_publisher":"https:\/\/www.facebook.com\/TheSecretMountain","article_modified_time":"2022-01-26T19:45:52+00:00","og_image":[{"width":1080,"height":570,"url":"https:\/\/www.thesecretmountain.com\/wp-content\/uploads\/2021\/10\/Songs-on-the-Vanilla-Trail-Teaching-Guide-Cover.png","type":"image\/png"}],"twitter_card":"summary_large_image","twitter_site":"@secretmountain","schema":{"@context":"https:\/\/schema.org","@graph":[{"@type":"WebPage","@id":"https:\/\/www.thesecretmountain.com\/fr\/product\/songs-on-the-vanilla-trail-teaching-guide\/","url":"https:\/\/www.thesecretmountain.com\/fr\/product\/songs-on-the-vanilla-trail-teaching-guide\/","name":"Songs on the Vanilla Trail \u2013 Teaching Guide - The Secret Mountain","isPartOf":{"@id":"https:\/\/www.thesecretmountain.com\/fr\/#website"},"primaryImageOfPage":{"@id":"https:\/\/www.thesecretmountain.com\/fr\/product\/songs-on-the-vanilla-trail-teaching-guide\/#primaryimage"},"image":{"@id":"https:\/\/www.thesecretmountain.com\/fr\/product\/songs-on-the-vanilla-trail-teaching-guide\/#primaryimage"},"thumbnailUrl":"https:\/\/www.thesecretmountain.com\/wp-content\/uploads\/2021\/10\/Songs-on-the-Vanilla-Trail-Teaching-Guide-Cover.png","datePublished":"2021-10-05T14:17:11+00:00","dateModified":"2022-01-26T19:45:52+00:00","breadcrumb":{"@id":"https:\/\/www.thesecretmountain.com\/fr\/product\/songs-on-the-vanilla-trail-teaching-guide\/#breadcrumb"},"inLanguage":"fr-FR","potentialAction":[{"@type":"ReadAction","target":["https:\/\/www.thesecretmountain.com\/fr\/product\/songs-on-the-vanilla-trail-teaching-guide\/"]}]},{"@type":"ImageObject","inLanguage":"fr-FR","@id":"https:\/\/www.thesecretmountain.com\/fr\/product\/songs-on-the-vanilla-trail-teaching-guide\/#primaryimage","url":"https:\/\/www.thesecretmountain.com\/wp-content\/uploads\/2021\/10\/Songs-on-the-Vanilla-Trail-Teaching-Guide-Cover.png","contentUrl":"https:\/\/www.thesecretmountain.com\/wp-content\/uploads\/2021\/10\/Songs-on-the-Vanilla-Trail-Teaching-Guide-Cover.png","width":1080,"height":570},{"@type":"BreadcrumbList","@id":"https:\/\/www.thesecretmountain.com\/fr\/product\/songs-on-the-vanilla-trail-teaching-guide\/#breadcrumb","itemListElement":[{"@type":"ListItem","position":1,"name":"Home","item":"https:\/\/www.thesecretmountain.com\/fr\/"},{"@type":"ListItem","position":2,"name":"Shop","item":"https:\/\/www.thesecretmountain.com\/shop\/"},{"@type":"ListItem","position":3,"name":"Songs on the Vanilla Trail \u2013 Teaching Guide"}]},{"@type":"WebSite","@id":"https:\/\/www.thesecretmountain.com\/fr\/#website","url":"https:\/\/www.thesecretmountain.com\/fr\/","name":"The Secret Mountain","description":"Stories and music for all eyes and ears!","potentialAction":[{"@type":"SearchAction","target":{"@type":"EntryPoint","urlTemplate":"https:\/\/www.thesecretmountain.com\/fr\/?s={search_term_string}"},"query-input":{"@type":"PropertyValueSpecification","valueRequired":true,"valueName":"search_term_string"}}],"inLanguage":"fr-FR"}]}},"_links":{"self":[{"href":"https:\/\/www.thesecretmountain.com\/fr\/wp-json\/wp\/v2\/product\/9459","targetHints":{"allow":["GET"]}}],"collection":[{"href":"https:\/\/www.thesecretmountain.com\/fr\/wp-json\/wp\/v2\/product"}],"about":[{"href":"https:\/\/www.thesecretmountain.com\/fr\/wp-json\/wp\/v2\/types\/product"}],"wp:featuredmedia":[{"embeddable":true,"href":"https:\/\/www.thesecretmountain.com\/fr\/wp-json\/wp\/v2\/media\/9453"}],"wp:attachment":[{"href":"https:\/\/www.thesecretmountain.com\/fr\/wp-json\/wp\/v2\/media?parent=9459"}],"wp:term":[{"taxonomy":"product_brand","embeddable":true,"href":"https:\/\/www.thesecretmountain.com\/fr\/wp-json\/wp\/v2\/product_brand?post=9459"},{"taxonomy":"product_cat","embeddable":true,"href":"https:\/\/www.thesecretmountain.com\/fr\/wp-json\/wp\/v2\/product_cat?post=9459"},{"taxonomy":"product_tag","embeddable":true,"href":"https:\/\/www.thesecretmountain.com\/fr\/wp-json\/wp\/v2\/product_tag?post=9459"}],"curies":[{"name":"wp","href":"https:\/\/api.w.org\/{rel}","templated":true}]}}